{"id":967,"date":"2020-10-27T09:48:42","date_gmt":"2020-10-27T09:48:42","guid":{"rendered":"https:\/\/kanjon.ee\/?post_type=product&#038;p=967"},"modified":"2024-02-01T08:32:32","modified_gmt":"2024-02-01T08:32:32","slug":"must-must-kalaalus-lihaalus","status":"publish","type":"product","link":"https:\/\/kanjon.ee\/en\/toode\/must-must-kalaalus-lihaalus\/","title":{"rendered":"Black-Black fish\/meat\/cake tray"},"content":{"rendered":"<p>Valmistame ise erinevaid aluseid. V\u00f5imalik saada igas m\u00f5\u00f5dus aluseid.<br \/>\nAlused on saadaval 1-96 cm x 1-100 cm suuruses (kirjutage meile).<br \/>\nKalaalustel on nurgad \u00fcmarad, et vaakumkotti katki ei teeks.<br \/>\nPakis 50 t\u00fckki.<\/p>\n","protected":false},"excerpt":{"rendered":"<p>Valmistame ise erinevaid aluseid. V\u00f5imalik saada igas m\u00f5\u00f5dus aluseid. Alused on saadaval 1-96 cm x 1-100 cm suuruses (kirjutage meile). Kalaalustel on nurgad \u00fcmarad, et vaakumkotti katki ei teeks. Pakis 50 t\u00fckki.<\/p>\n","protected":false},"featured_media":996,"template":"","meta":{"_acf_changed":false},"product_brand":[],"product_cat":[112],"product_tag":[109,113,114],"class_list":{"0":"post-967","1":"product","2":"type-product","3":"status-publish","4":"has-post-thumbnail","6":"product_cat-must-must-alus","7":"product_tag-must-must-alus","8":"product_tag-must-must-kalaalus","9":"product_tag-must-must-lihaalus","10":"thunk-woo-product-list","11":"open-woo-hover-none","12":"open-single-product-tab-horizontal","13":"open-shadow-","14":"open-shadow-hover-","16":"first","17":"instock","18":"sale","19":"taxable","20":"shipping-taxable","21":"purchasable","22":"product-type-variable"},"acf":[],"_links":{"self":[{"href":"https:\/\/kanjon.ee\/en\/wp-json\/wp\/v2\/product\/967","targetHints":{"allow":["GET"]}}],"collection":[{"href":"https:\/\/kanjon.ee\/en\/wp-json\/wp\/v2\/product"}],"about":[{"href":"https:\/\/kanjon.ee\/en\/wp-json\/wp\/v2\/types\/product"}],"wp:featuredmedia":[{"embeddable":true,"href":"https:\/\/kanjon.ee\/en\/wp-json\/wp\/v2\/media\/996"}],"wp:attachment":[{"href":"https:\/\/kanjon.ee\/en\/wp-json\/wp\/v2\/media?parent=967"}],"wp:term":[{"taxonomy":"product_brand","embeddable":true,"href":"https:\/\/kanjon.ee\/en\/wp-json\/wp\/v2\/product_brand?post=967"},{"taxonomy":"product_cat","embeddable":true,"href":"https:\/\/kanjon.ee\/en\/wp-json\/wp\/v2\/product_cat?post=967"},{"taxonomy":"product_tag","embeddable":true,"href":"https:\/\/kanjon.ee\/en\/wp-json\/wp\/v2\/product_tag?post=967"}],"curies":[{"name":"wp","href":"https:\/\/api.w.org\/{rel}","templated":true}]}}