{"id":695,"date":"2020-08-24T07:28:09","date_gmt":"2020-08-24T07:28:09","guid":{"rendered":"https:\/\/kanjon.ee\/?post_type=product&#038;p=695"},"modified":"2023-01-02T06:19:55","modified_gmt":"2023-01-02T06:19:55","slug":"kanaliga-kilesukk-vaakummasinale","status":"publish","type":"product","link":"https:\/\/kanjon.ee\/en\/toode\/kanaliga-kilesukk-vaakummasinale\/","title":{"rendered":"Kanaliga kilesukk vaakummasinale"},"content":{"rendered":"<p>\u00dchelt k\u00fcljelt siledad, teiselt k\u00fcljelt \u00f5hukanalitega. Vaakumkottide kasutamiseks on vajalik vaakummasin, mis tekitab kotti vaakumi ja sulgeb koti \u00e4\u00e4re sulatades.<\/p>\n","protected":false},"excerpt":{"rendered":"<p>\u00dchelt k\u00fcljelt siledad, teiselt k\u00fcljelt \u00f5hukanalitega. Vaakumkottide kasutamiseks on vajalik vaakummasin, mis tekitab kotti vaakumi ja sulgeb koti \u00e4\u00e4re sulatades.<\/p>\n","protected":false},"featured_media":698,"template":"","meta":{"_acf_changed":false},"product_brand":[],"product_cat":[34],"product_tag":[63,62,131],"class_list":{"0":"post-695","1":"product","2":"type-product","3":"status-publish","4":"has-post-thumbnail","6":"product_cat-vaakumkotid","7":"product_tag-kanaliga-kilesukk-vaakummasinale","8":"product_tag-kilesukk","9":"product_tag-vaakumpakend","10":"thunk-woo-product-list","11":"open-woo-hover-none","12":"open-single-product-tab-horizontal","13":"open-shadow-","14":"open-shadow-hover-","16":"first","17":"instock","18":"taxable","19":"shipping-taxable","20":"purchasable","21":"product-type-variable"},"acf":[],"_links":{"self":[{"href":"https:\/\/kanjon.ee\/en\/wp-json\/wp\/v2\/product\/695","targetHints":{"allow":["GET"]}}],"collection":[{"href":"https:\/\/kanjon.ee\/en\/wp-json\/wp\/v2\/product"}],"about":[{"href":"https:\/\/kanjon.ee\/en\/wp-json\/wp\/v2\/types\/product"}],"wp:featuredmedia":[{"embeddable":true,"href":"https:\/\/kanjon.ee\/en\/wp-json\/wp\/v2\/media\/698"}],"wp:attachment":[{"href":"https:\/\/kanjon.ee\/en\/wp-json\/wp\/v2\/media?parent=695"}],"wp:term":[{"taxonomy":"product_brand","embeddable":true,"href":"https:\/\/kanjon.ee\/en\/wp-json\/wp\/v2\/product_brand?post=695"},{"taxonomy":"product_cat","embeddable":true,"href":"https:\/\/kanjon.ee\/en\/wp-json\/wp\/v2\/product_cat?post=695"},{"taxonomy":"product_tag","embeddable":true,"href":"https:\/\/kanjon.ee\/en\/wp-json\/wp\/v2\/product_tag?post=695"}],"curies":[{"name":"wp","href":"https:\/\/api.w.org\/{rel}","templated":true}]}}