{"id":592,"date":"2020-08-13T08:22:11","date_gmt":"2020-08-13T08:22:11","guid":{"rendered":"https:\/\/kanjon.ee\/?post_type=product&#038;p=592"},"modified":"2022-09-02T12:07:52","modified_gmt":"2022-09-02T12:07:52","slug":"kanaliga-vaakumkott","status":"publish","type":"product","link":"https:\/\/kanjon.ee\/en\/toode\/kanaliga-vaakumkott\/","title":{"rendered":"Kanaliga vaakumkott"},"content":{"rendered":"<p>\u00dchelt k\u00fcljelt siledad, teiselt k\u00fcljelt \u00f5hukanalitega. Vaakumkottide kasutamiseks on vajalik vaakummasin, mis tekitab kotti vaakumi ja sulgeb koti \u00e4\u00e4re sulatades.<\/p>\n","protected":false},"excerpt":{"rendered":"<p>Vaakumkotid on 100 t\u00fcki kaupa pakis.<\/p>\n","protected":false},"featured_media":744,"template":"","meta":{"_acf_changed":false},"product_brand":[],"product_cat":[34],"product_tag":[73,74,131],"class_list":{"0":"post-592","1":"product","2":"type-product","3":"status-publish","4":"has-post-thumbnail","6":"product_cat-vaakumkotid","7":"product_tag-kanaliga-vaakumkott","8":"product_tag-struktureeritud-vaakumkott","9":"product_tag-vaakumpakend","10":"thunk-woo-product-list","11":"open-woo-hover-none","12":"open-single-product-tab-horizontal","13":"open-shadow-","14":"open-shadow-hover-","16":"first","17":"instock","18":"taxable","19":"shipping-taxable","20":"purchasable","21":"product-type-variable"},"acf":[],"_links":{"self":[{"href":"https:\/\/kanjon.ee\/en\/wp-json\/wp\/v2\/product\/592","targetHints":{"allow":["GET"]}}],"collection":[{"href":"https:\/\/kanjon.ee\/en\/wp-json\/wp\/v2\/product"}],"about":[{"href":"https:\/\/kanjon.ee\/en\/wp-json\/wp\/v2\/types\/product"}],"wp:featuredmedia":[{"embeddable":true,"href":"https:\/\/kanjon.ee\/en\/wp-json\/wp\/v2\/media\/744"}],"wp:attachment":[{"href":"https:\/\/kanjon.ee\/en\/wp-json\/wp\/v2\/media?parent=592"}],"wp:term":[{"taxonomy":"product_brand","embeddable":true,"href":"https:\/\/kanjon.ee\/en\/wp-json\/wp\/v2\/product_brand?post=592"},{"taxonomy":"product_cat","embeddable":true,"href":"https:\/\/kanjon.ee\/en\/wp-json\/wp\/v2\/product_cat?post=592"},{"taxonomy":"product_tag","embeddable":true,"href":"https:\/\/kanjon.ee\/en\/wp-json\/wp\/v2\/product_tag?post=592"}],"curies":[{"name":"wp","href":"https:\/\/api.w.org\/{rel}","templated":true}]}}