{"id":490,"date":"2020-08-11T18:47:49","date_gmt":"2020-08-11T18:47:49","guid":{"rendered":"https:\/\/kanjon.ee\/?page_id=490"},"modified":"2021-04-23T05:34:30","modified_gmt":"2021-04-23T05:34:30","slug":"about-us","status":"publish","type":"page","link":"https:\/\/kanjon.ee\/en\/about-us\/","title":{"rendered":"About Us"},"content":{"rendered":"<p><img decoding=\"async\" class=\"size-medium wp-image-807 alignleft\" src=\"https:\/\/kanjon.ee\/wp-content\/uploads\/2020\/08\/kanjon-300x265.png\" alt=\"\" width=\"300\" height=\"265\" srcset=\"https:\/\/kanjon.ee\/wp-content\/uploads\/2020\/08\/kanjon-300x265.png 300w, https:\/\/kanjon.ee\/wp-content\/uploads\/2020\/08\/kanjon-600x530.png 600w, https:\/\/kanjon.ee\/wp-content\/uploads\/2020\/08\/kanjon.png 627w\" sizes=\"(max-width: 300px) 100vw, 300px\" \/><\/p>\n<p>1996.aastal asutatud O\u00dc KANJON on spetsialiseerunud toiduainetet\u00f6\u00f6stuse, jae- ja hulgikaubanduse varustamisele erinevate pakkematerjalidega.<\/p>\n<p>Koost\u00f6\u00f6s Euroopa juhtivamate tootjatega pakub O\u00dc KANJON oma klientidele kvaliteetseid pakkematerjale laias sortimendis koos asjalikku ja operatiivse klienditeeninduse ning paindlikku hinnakujundusega.<\/p>\n<p>Pikaajaline t\u00f6\u00f6kogemus pakkematerjalide turul tagab kliendile p\u00fcsivad partnerlussuhted aastateks.<\/p>\n","protected":false},"excerpt":{"rendered":"<p>1996.aastal asutatud O\u00dc KANJON on spetsialiseerunud toiduainetet\u00f6\u00f6stuse, jae- ja hulgikaubanduse varustamisele erinevate pakkematerjalidega. Koost\u00f6\u00f6s Euroopa juhtivamate tootjatega pakub O\u00dc KANJON oma klientidele kvaliteetseid pakkematerjale laias sortimendis koos asjalikku ja operatiivse klienditeeninduse ning paindlikku hinnakujundusega. Pikaajaline t\u00f6\u00f6kogemus pakkematerjalide turul tagab kliendile p\u00fcsivad partnerlussuhted aastateks.<\/p>\n","protected":false},"author":1,"featured_media":0,"parent":0,"menu_order":3,"comment_status":"closed","ping_status":"closed","template":"","meta":{"_acf_changed":false,"footnotes":""},"class_list":["post-490","page","type-page","status-publish","hentry","thunk-woo-product-list","open-woo-hover-none","open-single-product-tab-horizontal","open-shadow-","open-shadow-hover-"],"acf":[],"_links":{"self":[{"href":"https:\/\/kanjon.ee\/en\/wp-json\/wp\/v2\/pages\/490","targetHints":{"allow":["GET"]}}],"collection":[{"href":"https:\/\/kanjon.ee\/en\/wp-json\/wp\/v2\/pages"}],"about":[{"href":"https:\/\/kanjon.ee\/en\/wp-json\/wp\/v2\/types\/page"}],"author":[{"embeddable":true,"href":"https:\/\/kanjon.ee\/en\/wp-json\/wp\/v2\/users\/1"}],"replies":[{"embeddable":true,"href":"https:\/\/kanjon.ee\/en\/wp-json\/wp\/v2\/comments?post=490"}],"version-history":[{"count":7,"href":"https:\/\/kanjon.ee\/en\/wp-json\/wp\/v2\/pages\/490\/revisions"}],"predecessor-version":[{"id":1189,"href":"https:\/\/kanjon.ee\/en\/wp-json\/wp\/v2\/pages\/490\/revisions\/1189"}],"wp:attachment":[{"href":"https:\/\/kanjon.ee\/en\/wp-json\/wp\/v2\/media?parent=490"}],"curies":[{"name":"wp","href":"https:\/\/api.w.org\/{rel}","templated":true}]}}